{"id":14219,"date":"2025-01-18T06:10:32","date_gmt":"2025-01-18T06:10:32","guid":{"rendered":"https:\/\/gairscomp.com\/?page_id=14219"},"modified":"2025-01-18T06:10:32","modified_gmt":"2025-01-18T06:10:32","slug":"fermentation","status":"publish","type":"page","link":"https:\/\/gairscomp.com\/de\/fermentation\/","title":{"rendered":"Fermentation"},"content":{"rendered":"","protected":false},"excerpt":{"rendered":"","protected":false},"author":1,"featured_media":0,"parent":0,"menu_order":0,"comment_status":"closed","ping_status":"closed","template":"landing-page3.php","meta":{"_acf_changed":false,"site-sidebar-layout":"default","site-content-layout":"page-builder","ast-site-content-layout":"full-width-container","site-content-style":"unboxed","site-sidebar-style":"unboxed","ast-global-header-display":"","ast-banner-title-visibility":"","ast-main-header-display":"","ast-hfb-above-header-display":"","ast-hfb-below-header-display":"","ast-hfb-mobile-header-display":"","site-post-title":"disabled","ast-breadcrumbs-content":"disabled","ast-featured-img":"","footer-sml-layout":"","ast-disable-related-posts":"","theme-transparent-header-meta":"default","adv-header-id-meta":"","stick-header-meta":"default","header-above-stick-meta":"","header-main-stick-meta":"","header-below-stick-meta":"","astra-migrate-meta-layouts":"set","ast-page-background-enabled":"default","ast-page-background-meta":{"desktop":{"background-color":"","background-image":"","background-repeat":"repeat","background-position":"center center","background-size":"auto","background-attachment":"scroll","background-type":"","background-media":"","overlay-type":"","overlay-color":"","overlay-opacity":"","overlay-gradient":""},"tablet":{"background-color":"","background-image":"","background-repeat":"repeat","background-position":"center center","background-size":"auto","background-attachment":"scroll","background-type":"","background-media":"","overlay-type":"","overlay-color":"","overlay-opacity":"","overlay-gradient":""},"mobile":{"background-color":"","background-image":"","background-repeat":"repeat","background-position":"center center","background-size":"auto","background-attachment":"scroll","background-type":"","background-media":"","overlay-type":"","overlay-color":"","overlay-opacity":"","overlay-gradient":""}},"ast-content-background-meta":{"desktop":{"background-color":"var(--ast-global-color-5)","background-image":"","background-repeat":"repeat","background-position":"center center","background-size":"auto","background-attachment":"scroll","background-type":"","background-media":"","overlay-type":"","overlay-color":"","overlay-opacity":"","overlay-gradient":""},"tablet":{"background-color":"var(--ast-global-color-5)","background-image":"","background-repeat":"repeat","background-position":"center center","background-size":"auto","background-attachment":"scroll","background-type":"","background-media":"","overlay-type":"","overlay-color":"","overlay-opacity":"","overlay-gradient":""},"mobile":{"background-color":"var(--ast-global-color-5)","background-image":"","background-repeat":"repeat","background-position":"center center","background-size":"auto","background-attachment":"scroll","background-type":"","background-media":"","overlay-type":"","overlay-color":"","overlay-opacity":"","overlay-gradient":""}},"footnotes":""},"class_list":["post-14219","page","type-page","status-publish","hentry"],"acf":[],"yoast_head":"<!-- This site is optimized with the Yoast SEO plugin v24.4 - https:\/\/yoast.com\/wordpress\/plugins\/seo\/ -->\n<title>Air Compressor OEM &amp; ODM Factory in China<\/title>\n<meta name=\"description\" content=\"Gairs, a leading screw compressor manufacturer in China since 1988, has focused exclusively on advancing single-screw technology for over 30 years, consistently innovating and refining our expertise.\" \/>\n<meta name=\"robots\" content=\"index, follow, max-snippet:-1, max-image-preview:large, max-video-preview:-1\" \/>\n<link rel=\"canonical\" href=\"https:\/\/gairscomp.com\/de\/fermentation\/\" \/>\n<meta property=\"og:locale\" content=\"de_DE\" \/>\n<meta property=\"og:type\" content=\"article\" \/>\n<meta property=\"og:title\" content=\"Air Compressor OEM &amp; ODM Factory in China\" \/>\n<meta property=\"og:description\" content=\"Gairs, a leading screw compressor manufacturer in China since 1988, has focused exclusively on advancing single-screw technology for over 30 years, consistently innovating and refining our expertise.\" \/>\n<meta property=\"og:url\" content=\"https:\/\/gairscomp.com\/de\/fermentation\/\" \/>\n<meta property=\"og:site_name\" content=\"Gairs Compressor\" \/>\n<meta name=\"twitter:card\" content=\"summary_large_image\" \/>\n<script type=\"application\/ld+json\" class=\"yoast-schema-graph\">{\"@context\":\"https:\/\/schema.org\",\"@graph\":[{\"@type\":\"WebPage\",\"@id\":\"https:\/\/gairscomp.com\/fermentation\/\",\"url\":\"https:\/\/gairscomp.com\/fermentation\/\",\"name\":\"Air Compressor OEM & ODM Factory in China\",\"isPartOf\":{\"@id\":\"https:\/\/gairscomp.com\/#website\"},\"datePublished\":\"2025-01-18T06:10:32+00:00\",\"description\":\"Gairs, a leading screw compressor manufacturer in China since 1988, has focused exclusively on advancing single-screw technology for over 30 years, consistently innovating and refining our expertise.\",\"breadcrumb\":{\"@id\":\"https:\/\/gairscomp.com\/fermentation\/#breadcrumb\"},\"inLanguage\":\"de\",\"potentialAction\":[{\"@type\":\"ReadAction\",\"target\":[\"https:\/\/gairscomp.com\/fermentation\/\"]}]},{\"@type\":\"BreadcrumbList\",\"@id\":\"https:\/\/gairscomp.com\/fermentation\/#breadcrumb\",\"itemListElement\":[{\"@type\":\"ListItem\",\"position\":1,\"name\":\"Home\",\"item\":\"https:\/\/gairscomp.com\/\"},{\"@type\":\"ListItem\",\"position\":2,\"name\":\"Fermentation\"}]},{\"@type\":\"WebSite\",\"@id\":\"https:\/\/gairscomp.com\/#website\",\"url\":\"https:\/\/gairscomp.com\/\",\"name\":\"Gairs Compressor\",\"description\":\"\",\"publisher\":{\"@id\":\"https:\/\/gairscomp.com\/#organization\"},\"potentialAction\":[{\"@type\":\"SearchAction\",\"target\":{\"@type\":\"EntryPoint\",\"urlTemplate\":\"https:\/\/gairscomp.com\/?s={search_term_string}\"},\"query-input\":{\"@type\":\"PropertyValueSpecification\",\"valueRequired\":true,\"valueName\":\"search_term_string\"}}],\"inLanguage\":\"de\"},{\"@type\":\"Organization\",\"@id\":\"https:\/\/gairscomp.com\/#organization\",\"name\":\"Gairs Compressor\",\"url\":\"https:\/\/gairscomp.com\/\",\"logo\":{\"@type\":\"ImageObject\",\"inLanguage\":\"de\",\"@id\":\"https:\/\/gairscomp.com\/#\/schema\/logo\/image\/\",\"url\":\"https:\/\/gairscomp.com\/wp-content\/uploads\/2024\/04\/cropped-\u4f73\u529b\u58eb\u82f1\u6587logo.png\",\"contentUrl\":\"https:\/\/gairscomp.com\/wp-content\/uploads\/2024\/04\/cropped-\u4f73\u529b\u58eb\u82f1\u6587logo.png\",\"width\":300,\"height\":66,\"caption\":\"Gairs Compressor\"},\"image\":{\"@id\":\"https:\/\/gairscomp.com\/#\/schema\/logo\/image\/\"}}]}<\/script>\n<!-- \/ Yoast SEO plugin. -->","yoast_head_json":{"title":"OEM- und ODM-Fabrik f\u00fcr Luftkompressoren in China","description":"Gairs, seit 1988 ein f\u00fchrender Hersteller von Schraubenkompressoren in China, hat sich seit \u00fcber 30 Jahren ausschlie\u00dflich auf die Weiterentwicklung der Einschraubentechnologie konzentriert und dabei sein Know-how kontinuierlich weiterentwickelt und verfeinert.","robots":{"index":"index","follow":"follow","max-snippet":"max-snippet:-1","max-image-preview":"max-image-preview:large","max-video-preview":"max-video-preview:-1"},"canonical":"https:\/\/gairscomp.com\/de\/fermentation\/","og_locale":"de_DE","og_type":"article","og_title":"Air Compressor OEM & ODM Factory in China","og_description":"Gairs, a leading screw compressor manufacturer in China since 1988, has focused exclusively on advancing single-screw technology for over 30 years, consistently innovating and refining our expertise.","og_url":"https:\/\/gairscomp.com\/de\/fermentation\/","og_site_name":"Gairs Compressor","twitter_card":"summary_large_image","schema":{"@context":"https:\/\/schema.org","@graph":[{"@type":"WebPage","@id":"https:\/\/gairscomp.com\/fermentation\/","url":"https:\/\/gairscomp.com\/fermentation\/","name":"OEM- und ODM-Fabrik f\u00fcr Luftkompressoren in China","isPartOf":{"@id":"https:\/\/gairscomp.com\/#website"},"datePublished":"2025-01-18T06:10:32+00:00","description":"Gairs, seit 1988 ein f\u00fchrender Hersteller von Schraubenkompressoren in China, hat sich seit \u00fcber 30 Jahren ausschlie\u00dflich auf die Weiterentwicklung der Einschraubentechnologie konzentriert und dabei sein Know-how kontinuierlich weiterentwickelt und verfeinert.","breadcrumb":{"@id":"https:\/\/gairscomp.com\/fermentation\/#breadcrumb"},"inLanguage":"de","potentialAction":[{"@type":"ReadAction","target":["https:\/\/gairscomp.com\/fermentation\/"]}]},{"@type":"BreadcrumbList","@id":"https:\/\/gairscomp.com\/fermentation\/#breadcrumb","itemListElement":[{"@type":"ListItem","position":1,"name":"Home","item":"https:\/\/gairscomp.com\/"},{"@type":"ListItem","position":2,"name":"Fermentation"}]},{"@type":"WebSite","@id":"https:\/\/gairscomp.com\/#website","url":"https:\/\/gairscomp.com\/","name":"Gairs Kompressor","description":"","publisher":{"@id":"https:\/\/gairscomp.com\/#organization"},"potentialAction":[{"@type":"SearchAction","target":{"@type":"EntryPoint","urlTemplate":"https:\/\/gairscomp.com\/?s={search_term_string}"},"query-input":{"@type":"PropertyValueSpecification","valueRequired":true,"valueName":"search_term_string"}}],"inLanguage":"de"},{"@type":"Organization","@id":"https:\/\/gairscomp.com\/#organization","name":"Gairs Kompressor","url":"https:\/\/gairscomp.com\/","logo":{"@type":"ImageObject","inLanguage":"de","@id":"https:\/\/gairscomp.com\/#\/schema\/logo\/image\/","url":"https:\/\/gairscomp.com\/wp-content\/uploads\/2024\/04\/cropped-\u4f73\u529b\u58eb\u82f1\u6587logo.png","contentUrl":"https:\/\/gairscomp.com\/wp-content\/uploads\/2024\/04\/cropped-\u4f73\u529b\u58eb\u82f1\u6587logo.png","width":300,"height":66,"caption":"Gairs Compressor"},"image":{"@id":"https:\/\/gairscomp.com\/#\/schema\/logo\/image\/"}}]}},"_links":{"self":[{"href":"https:\/\/gairscomp.com\/de\/wp-json\/wp\/v2\/pages\/14219","targetHints":{"allow":["GET"]}}],"collection":[{"href":"https:\/\/gairscomp.com\/de\/wp-json\/wp\/v2\/pages"}],"about":[{"href":"https:\/\/gairscomp.com\/de\/wp-json\/wp\/v2\/types\/page"}],"author":[{"embeddable":true,"href":"https:\/\/gairscomp.com\/de\/wp-json\/wp\/v2\/users\/1"}],"replies":[{"embeddable":true,"href":"https:\/\/gairscomp.com\/de\/wp-json\/wp\/v2\/comments?post=14219"}],"version-history":[{"count":1,"href":"https:\/\/gairscomp.com\/de\/wp-json\/wp\/v2\/pages\/14219\/revisions"}],"predecessor-version":[{"id":14221,"href":"https:\/\/gairscomp.com\/de\/wp-json\/wp\/v2\/pages\/14219\/revisions\/14221"}],"wp:attachment":[{"href":"https:\/\/gairscomp.com\/de\/wp-json\/wp\/v2\/media?parent=14219"}],"curies":[{"name":"wp","href":"https:\/\/api.w.org\/{rel}","templated":true}]}}